{"id":43,"date":"2020-10-06T15:25:36","date_gmt":"2020-10-06T15:25:36","guid":{"rendered":"http:\/\/www.emjucovid.udl.cat\/?page_id=43"},"modified":"2021-01-29T11:39:38","modified_gmt":"2021-01-29T11:39:38","slug":"publicaciones","status":"publish","type":"page","link":"http:\/\/www.emjucovid.udl.cat\/?page_id=43","title":{"rendered":"Not\u00edcies"},"content":{"rendered":"\n<figure class=\"wp-block-image\"><img src=\"https:\/\/www.crue.org\/wp-content\/uploads\/2020\/10\/cabecerav-1024x228.jpg\" alt=\"\" class=\"wp-image-7346\"\/><\/figure>\n\n\n\n<p>El <strong>Fondo Supera Covid-19,<\/strong> lanzado por Banco Santander a trav\u00e9s de Santander Universidades, en colaboraci\u00f3n con Crue Universidades Espa\u00f1olas y el Centro Superior de Investigaciones Cient\u00edficas (CSIC), destina 8,5 millones de euros para hacer frente a la pandemia desde la Universidad: 5 millones para proyectos de investigaci\u00f3n aplicada sobre el virus y su prevenci\u00f3n; 1 mill\u00f3n para investigaciones destinadas a paliar el impacto social, y 2,5 millones para el fortalecimiento de la capacidad tecnol\u00f3gica de las universidades y reducci\u00f3n de la brecha digital.<\/p>\n\n\n\n<figure class=\"wp-block-embed-wordpress wp-block-embed is-type-wp-embed is-provider-crue\"><div class=\"wp-block-embed__wrapper\">\n<blockquote class=\"wp-embedded-content\" data-secret=\"z2UNA4O0fo\"><a href=\"https:\/\/www.crue.org\/2020\/10\/videos-fondo-supera-covid-19\/\">Fondo Supera Covid-19<\/a><\/blockquote><iframe class=\"wp-embedded-content\" sandbox=\"allow-scripts\" security=\"restricted\" style=\"position: absolute; clip: rect(1px, 1px, 1px, 1px);\" title=\"\u00abFondo Supera Covid-19\u00bb \u2014 CRUE\" src=\"https:\/\/www.crue.org\/2020\/10\/videos-fondo-supera-covid-19\/embed\/#?secret=z2UNA4O0fo\" data-secret=\"z2UNA4O0fo\" width=\"580\" height=\"327\" frameborder=\"0\" marginwidth=\"0\" marginheight=\"0\" scrolling=\"no\"><\/iframe>\n<\/div><\/figure>\n\n\n\n<p class=\"has-primary-color has-text-color\"><img loading=\"lazy\" width=\"1073\" height=\"1459\" class=\"wp-image-282\" style=\"width: 40px;\" src=\"http:\/\/www.emjucovid.udl.cat\/wp-content\/uploads\/2020\/11\/Entrevista-22.jpg\" alt=\"\" srcset=\"http:\/\/www.emjucovid.udl.cat\/wp-content\/uploads\/2020\/11\/Entrevista-22.jpg 1073w, http:\/\/www.emjucovid.udl.cat\/wp-content\/uploads\/2020\/11\/Entrevista-22-221x300.jpg 221w, http:\/\/www.emjucovid.udl.cat\/wp-content\/uploads\/2020\/11\/Entrevista-22-753x1024.jpg 753w, http:\/\/www.emjucovid.udl.cat\/wp-content\/uploads\/2020\/11\/Entrevista-22-768x1044.jpg 768w\" sizes=\"(max-width: 1073px) 100vw, 1073px\" \/>  <strong><a href=\"https:\/\/www.upf.edu\/es\/web\/joviscom\/noticies\/-\/asset_publisher\/ZdlBO3f8Y0u1\/content\/id\/238396717\/maximized#.X6Qa0lBCfb3\" data-type=\"URL\" data-id=\"https:\/\/www.upf.edu\/es\/web\/joviscom\/noticies\/-\/asset_publisher\/ZdlBO3f8Y0u1\/content\/id\/238396717\/maximized#.X6Qa0lBCfb3\" target=\"_blank\" rel=\"noreferrer noopener\">El futuro laboral de nuestros j\u00f3venes, en &#8216;Vint-i-dos&#8217;<\/a><\/strong><\/p>\n\n\n\n<p class=\"has-primary-color has-text-color\"><img loading=\"lazy\" width=\"1500\" height=\"1125\" class=\"wp-image-287\" style=\"width: 40px;\" src=\"http:\/\/www.emjucovid.udl.cat\/wp-content\/uploads\/2020\/11\/Carles-FEixa.jpg\" alt=\"\" srcset=\"http:\/\/www.emjucovid.udl.cat\/wp-content\/uploads\/2020\/11\/Carles-FEixa.jpg 1500w, http:\/\/www.emjucovid.udl.cat\/wp-content\/uploads\/2020\/11\/Carles-FEixa-300x225.jpg 300w, http:\/\/www.emjucovid.udl.cat\/wp-content\/uploads\/2020\/11\/Carles-FEixa-1024x768.jpg 1024w, http:\/\/www.emjucovid.udl.cat\/wp-content\/uploads\/2020\/11\/Carles-FEixa-768x576.jpg 768w, http:\/\/www.emjucovid.udl.cat\/wp-content\/uploads\/2020\/11\/Carles-FEixa-1200x900.jpg 1200w\" sizes=\"(max-width: 1500px) 100vw, 1500px\" \/>  <strong><a rel=\"noreferrer noopener\" href=\"https:\/\/elpais.com\/educacion\/2020-10-21\/carles-feixa-antropologo-con-los-jovenes-no-funcionan-las-broncas-sino-hacerles-ver-que-los-perjudicados-seran-sus-abuelos.html\" data-type=\"URL\" data-id=\"https:\/\/elpais.com\/educacion\/2020-10-21\/carles-feixa-antropologo-con-los-jovenes-no-funcionan-las-broncas-sino-hacerles-ver-que-los-perjudicados-seran-sus-abuelos.html\" target=\"_blank\">Carles Feixa, antrop\u00f3logo: \u201cCon los j\u00f3venes no funcionan las broncas, sino hacerles ver que los perjudicados ser\u00e1n sus abuelos\u201d<\/a><\/strong><\/p>\n\n\n\n<p><img loading=\"lazy\" width=\"395\" height=\"367\" class=\"wp-image-461\" style=\"width: 40px;\" src=\"http:\/\/www.emjucovid.udl.cat\/wp-content\/uploads\/2021\/01\/FOTO-WAS.jpg\" alt=\"\" srcset=\"http:\/\/www.emjucovid.udl.cat\/wp-content\/uploads\/2021\/01\/FOTO-WAS.jpg 395w, http:\/\/www.emjucovid.udl.cat\/wp-content\/uploads\/2021\/01\/FOTO-WAS-300x279.jpg 300w, http:\/\/www.emjucovid.udl.cat\/wp-content\/uploads\/2021\/01\/FOTO-WAS-13x12.jpg 13w, http:\/\/www.emjucovid.udl.cat\/wp-content\/uploads\/2021\/01\/FOTO-WAS-24x22.jpg 24w, http:\/\/www.emjucovid.udl.cat\/wp-content\/uploads\/2021\/01\/FOTO-WAS-36x33.jpg 36w, http:\/\/www.emjucovid.udl.cat\/wp-content\/uploads\/2021\/01\/FOTO-WAS-48x45.jpg 48w\" sizes=\"(max-width: 395px) 100vw, 395px\" \/><a rel=\"noreferrer noopener\" href=\"http:\/\/www.udl.cat\/ca\/serveis\/oficina\/Noticies\/Les-noies-joves-principals-afectades-per-la-crisi-laboral-de-la-COVID-19\/\" target=\"_blank\">Les noies joves, principals afectades per la crisi laboral de la COVID-19<\/a><\/p>\n\n\n\n<p><img loading=\"lazy\" width=\"1000\" height=\"648\" class=\"wp-image-462\" style=\"width: 40px;\" src=\"http:\/\/www.emjucovid.udl.cat\/wp-content\/uploads\/2021\/01\/alumnos-uma.jpg\" alt=\"\" srcset=\"http:\/\/www.emjucovid.udl.cat\/wp-content\/uploads\/2021\/01\/alumnos-uma.jpg 1000w, http:\/\/www.emjucovid.udl.cat\/wp-content\/uploads\/2021\/01\/alumnos-uma-300x194.jpg 300w, http:\/\/www.emjucovid.udl.cat\/wp-content\/uploads\/2021\/01\/alumnos-uma-768x498.jpg 768w, http:\/\/www.emjucovid.udl.cat\/wp-content\/uploads\/2021\/01\/alumnos-uma-16x10.jpg 16w, http:\/\/www.emjucovid.udl.cat\/wp-content\/uploads\/2021\/01\/alumnos-uma-24x16.jpg 24w, http:\/\/www.emjucovid.udl.cat\/wp-content\/uploads\/2021\/01\/alumnos-uma-36x23.jpg 36w, http:\/\/www.emjucovid.udl.cat\/wp-content\/uploads\/2021\/01\/alumnos-uma-48x31.jpg 48w\" sizes=\"(max-width: 1000px) 100vw, 1000px\" \/><a rel=\"noreferrer noopener\" href=\"https:\/\/novaciencia.es\/crue-y-banco-santander-presentan-el-empleo-juvenil-en-espana-ante-la-crisis-de-la-covid-19\/\" target=\"_blank\">El informe \u2018El empleo juvenil en Espa\u00f1a ante la crisis de la Covid-19\u2019 pone el acento en el impacto de la pandemia en la desigualdad laboral por g\u00e9nero<\/a><\/p>\n","protected":false},"excerpt":{"rendered":"<p>El Fondo Supera Covid-19, lanzado por Banco Santander a trav\u00e9s de Santander Universidades, en colaboraci\u00f3n con Crue Universidades Espa\u00f1olas y el Centro Superior de Investigaciones Cient\u00edficas (CSIC), destina 8,5 millones de euros para hacer frente a la pandemia desde la Universidad: 5 millones para proyectos de investigaci\u00f3n aplicada sobre el virus y su prevenci\u00f3n; 1 [&hellip;]<\/p>\n","protected":false},"author":1,"featured_media":0,"parent":0,"menu_order":0,"comment_status":"closed","ping_status":"closed","template":"","meta":[],"_links":{"self":[{"href":"http:\/\/www.emjucovid.udl.cat\/index.php?rest_route=\/wp\/v2\/pages\/43"}],"collection":[{"href":"http:\/\/www.emjucovid.udl.cat\/index.php?rest_route=\/wp\/v2\/pages"}],"about":[{"href":"http:\/\/www.emjucovid.udl.cat\/index.php?rest_route=\/wp\/v2\/types\/page"}],"author":[{"embeddable":true,"href":"http:\/\/www.emjucovid.udl.cat\/index.php?rest_route=\/wp\/v2\/users\/1"}],"replies":[{"embeddable":true,"href":"http:\/\/www.emjucovid.udl.cat\/index.php?rest_route=%2Fwp%2Fv2%2Fcomments&post=43"}],"version-history":[{"count":15,"href":"http:\/\/www.emjucovid.udl.cat\/index.php?rest_route=\/wp\/v2\/pages\/43\/revisions"}],"predecessor-version":[{"id":463,"href":"http:\/\/www.emjucovid.udl.cat\/index.php?rest_route=\/wp\/v2\/pages\/43\/revisions\/463"}],"wp:attachment":[{"href":"http:\/\/www.emjucovid.udl.cat\/index.php?rest_route=%2Fwp%2Fv2%2Fmedia&parent=43"}],"curies":[{"name":"wp","href":"https:\/\/api.w.org\/{rel}","templated":true}]}}